{"id":49,"date":"2011-02-25T00:04:02","date_gmt":"2011-02-25T00:04:02","guid":{"rendered":"https:\/\/katekumenat.vjeronauk.net\/?page_id=49"},"modified":"2025-12-09T22:42:52","modified_gmt":"2025-12-09T21:42:52","slug":"osnovne-molitve","status":"publish","type":"page","link":"https:\/\/katekumenat.vjeronauk.net\/?page_id=49","title":{"rendered":"Molitve"},"content":{"rendered":"\n<p><span style=\"color: #000080;\">VJEROVANJE APOSTOLSKO<\/span><\/p>\n\n\n\n<p>Vjerujem u Boga, Oca svemogu\u0107ega,<br>Stvoritelja neba i zemlje.<br>I u Isusa Krista, Sina njegova jedinoga,<br>Gospodina na\u0161ega,<br>koji je za\u010det po Duhu Svetom,<br>ro\u0111en od Marije Djevice,<br>mu\u010den pod Poncijem Pilatom,<br>raspet, umro i pokopan;<br>sa\u0161ao nad pakao;<br>tre\u0107i dan uskrsnuo od mrtvih;<br>uza\u0161ao na nebesa,<br>sjedi o desnu Boga Oca svemogu\u0107ega;<br>odonud \u0107e do\u0107i suditi \u017eive i mrtve.<br>Vjerujem u Duha Svetoga,<br>svetu Crkvu katoli\u010dku, op\u0107instvo svetih,<br>opro\u0161tenje grijeha,<br>uskrsnu\u0107e tijela, i \u017eivot vje\u010dni. -Amen.<\/p>\n\n\n\n<p><span style=\"color: #000080;\">O\u010cE NA\u0160<\/span><\/p>\n\n\n\n<p>O\u010de na\u0161, koji jesi na nebesima,<br>sveti se ime tvoje,<br>do\u0111i kraljevstvo tvoje,<br>budi volja tvoja,<br>kako na nebu tako i na zemlji.<br>Kruh na\u0161 svagdanji daj nam danas.<br>I otpusti nam duge na\u0161e<br>kako i mi otpu\u0161tamo du\u017enicima na\u0161im.<br>I ne uvedi nas u napast,<br>nego izbavi nas od zla. Amen.<\/p>\n\n\n\n<p><span style=\"color: #000080;\">ZDRAVO MARIJO<\/span><\/p>\n\n\n\n<p>Zdravo Marijo, milosti puna,<br>Gospodin s tobom!<br>Blagoslovljena ti me\u0111u \u017eenama,<br>i blagoslovljen plod utrobe tvoje Isus.<br>Sveta Marijo, Majko Bo\u017eja,<br>moli za nas gre\u0161nike<br>sada i na \u010das smrti na\u0161e. Amen.<\/p>\n\n\n\n<p><span style=\"color: #000080;\">SLAVA OCU<\/span><\/p>\n\n\n\n<p>Slava Ocu i Sinu i Duhu Svetomu.<br>Kako bija\u0161e na po\u010detku,<br>tako i sada i vazda,<br>i u vijeke vjekova. Amen.<\/p>\n\n\n\n<p><span style=\"color: #000080;\">AN\u0110EO GOSPODNJI<\/span><\/p>\n\n\n\n<p>An\u0111eo Gospodnji navijestio Mariji,<br>i ona je za\u010dela po Duhu Svetom.<br>Zdravo Marijo&#8230;<br>Evo slu\u017ebenice Gospodnje.<br>Neka mi bude po rije\u010di tvojoj.<br>Zdravo Marijo&#8230;<br>I Rije\u010d je tijelom postala.<br>i prebivala me\u0111u nama.<br>Zdravo Marijo&#8230;<br>Moli za nas, sveta Bogorodice!<br>Da dostojni postanemo obe\u0107anja Kristovih.<br>Pomolimo se.<br>Milost svoju, molimo Te, Gospodine, ulij u du\u0161e na\u0161e,<br>da mi, koji smo po an\u0111elovu navje\u0161tenju spoznali utjelovljenje Krista, Sina Tvoga, po muci njegovoj i kri\u017eu k slavi uskrsnu\u0107a privedeni budemo. Po istom Kristu Gospodinu na\u0161em. Amen.<br>Slava Ocu\u2026<\/p>\n\n\n\n<p><span style=\"color: #000080;\">KRALJICE NEBA<\/span><\/p>\n\n\n\n<p>Kraljice neba, raduj se, Aleluja.<br>Jer koga si bila dostojna nositi, Aleluja.<br>Uskrsnu, kako je rekao, Aleluja.<br>Moli za nas Boga, Aleluja.<br>Veseli se i raduj, Djevice Marijo, Aleluja.<br>Jer je uskrsnuo Gospodin uistinu, Aleluja.<br>Pomolimo se. Bo\u017ee, koji si se udostojao razveseliti svijet<br>uskrsnu\u0107em svoga Sina, Gospodina na\u0161ega Isusa Krista, daj,<br>molimo te, da po njegovoj Majci, Djevici Mariji, postignemo<br>radosti vje\u010dnoga \u017eivota. Po istom Kristu Gospodinu na\u0161em.<br>Amen.<\/p>\n\n\n\n<p><span style=\"color: #000080;\">ZDRAVO, KRALJICE<\/span><\/p>\n\n\n\n<p>Zdravo, Kraljice, Majko milosr\u0111a, \u017eivote, slasti i ufanje<br>na\u0161e, zdravo! K tebi vapijemo prognani sinovi Evini. K tebi<br>uzdi\u0161emo, tuguju\u0107i i pla\u010du\u0107i u ovoj suznoj dolini. Svrni,<br>dakle, zagovornice na\u0161a, one svoje milostive o\u010di na nas te<br>nam poslije ovoga progona poka\u017ei Isusa, blagoslovljeni plod<br>utrobe svoje.<br>O blaga, o mila, o slatka djevice Marijo!<\/p>\n\n\n\n<p><\/p>\n\n\n\n<p class=\"has-text-color\" style=\"color:#071a65\">MOLITVA AN\u0110ELU \u010cUVARU<\/p>\n\n\n\n<p>An\u0111ele \u010duvaru mili<br>svojom snagom me zakrili.<br>Prema Bo\u017ejem obe\u0107anju<br>\u010duvaj mene no\u0107u, danju.<br>Osobito pak me brani<br>da mi du\u0161u grijeh ne rani.<br>A&nbsp;kad s ovog svijeta po\u0111em<br>sretno da u nebo do\u0111em,<br>da se ondje s Tobom mogu<br>vijekom klanjat dragom Bogu.<\/p>\n","protected":false},"excerpt":{"rendered":"<p>VJEROVANJE APOSTOLSKO Vjerujem u Boga, Oca svemogu\u0107ega,Stvoritelja neba i zemlje.I u Isusa Krista, Sina njegova jedinoga,Gospodina na\u0161ega,koji je za\u010det po Duhu Svetom,ro\u0111en od Marije Djevice,mu\u010den pod Poncijem Pilatom,raspet, umro i pokopan;sa\u0161ao nad pakao;tre\u0107i dan uskrsnuo od mrtvih;uza\u0161ao na nebesa,sjedi o desnu Boga Oca svemogu\u0107ega;odonud \u0107e do\u0107i suditi \u017eive i mrtve.Vjerujem u Duha Svetoga,svetu Crkvu katoli\u010dku, &hellip; <a href=\"https:\/\/katekumenat.vjeronauk.net\/?page_id=49\" class=\"more-link\">Nastavi \u010ditati <span class=\"screen-reader-text\">Molitve<\/span><\/a><\/p>\n","protected":false},"author":7,"featured_media":0,"parent":383,"menu_order":0,"comment_status":"closed","ping_status":"closed","template":"","meta":{"footnotes":""},"class_list":["post-49","page","type-page","status-publish","hentry"],"_links":{"self":[{"href":"https:\/\/katekumenat.vjeronauk.net\/index.php?rest_route=\/wp\/v2\/pages\/49","targetHints":{"allow":["GET"]}}],"collection":[{"href":"https:\/\/katekumenat.vjeronauk.net\/index.php?rest_route=\/wp\/v2\/pages"}],"about":[{"href":"https:\/\/katekumenat.vjeronauk.net\/index.php?rest_route=\/wp\/v2\/types\/page"}],"author":[{"embeddable":true,"href":"https:\/\/katekumenat.vjeronauk.net\/index.php?rest_route=\/wp\/v2\/users\/7"}],"replies":[{"embeddable":true,"href":"https:\/\/katekumenat.vjeronauk.net\/index.php?rest_route=%2Fwp%2Fv2%2Fcomments&post=49"}],"version-history":[{"count":16,"href":"https:\/\/katekumenat.vjeronauk.net\/index.php?rest_route=\/wp\/v2\/pages\/49\/revisions"}],"predecessor-version":[{"id":2560,"href":"https:\/\/katekumenat.vjeronauk.net\/index.php?rest_route=\/wp\/v2\/pages\/49\/revisions\/2560"}],"up":[{"embeddable":true,"href":"https:\/\/katekumenat.vjeronauk.net\/index.php?rest_route=\/wp\/v2\/pages\/383"}],"wp:attachment":[{"href":"https:\/\/katekumenat.vjeronauk.net\/index.php?rest_route=%2Fwp%2Fv2%2Fmedia&parent=49"}],"curies":[{"name":"wp","href":"https:\/\/api.w.org\/{rel}","templated":true}]}}